{"id":127,"date":"2026-01-28T13:15:00","date_gmt":"2026-01-28T13:15:00","guid":{"rendered":"https:\/\/duocrise.fr\/?page_id=127"},"modified":"2026-02-10T19:03:24","modified_gmt":"2026-02-10T18:03:24","slug":"127-2","status":"publish","type":"page","link":"https:\/\/duocrise.fr\/","title":{"rendered":"Accueil"},"content":{"rendered":"\t\t<div data-elementor-type=\"wp-page\" data-elementor-id=\"127\" class=\"elementor elementor-127\">\n\t\t\t\t<div class=\"elementor-element elementor-element-61b912e2 e-flex e-con-boxed e-con e-parent\" data-id=\"61b912e2\" data-element_type=\"container\">\n\t\t\t\t\t<div class=\"e-con-inner\">\n\t\t\t\t<div class=\"elementor-element elementor-element-10e62d5b elementor-widget elementor-widget-text-editor\" data-id=\"10e62d5b\" data-element_type=\"widget\" data-widget_type=\"text-editor.default\">\n\t\t\t\t\t\t\t\t\t\n<h2 class=\"wp-block-heading\">Conseil et accompagnement en situation sanitaire exceptionnelle pour les CPTS<\/h2>\n\n<div class=\"wp-block-buttons is-content-justification-center is-layout-flex wp-container-core-buttons-is-layout-a89b3969 wp-block-buttons-is-layout-flex\">\n<div class=\"wp-block-button\"><a class=\"wp-block-button__link wp-element-button\" href=\"mailto:contact@duocrise.fr\">Nous contacter<\/a><\/div>\n<\/div>\n\n<h2 class=\"wp-block-heading\">Notre approche<\/h2>\n\n<p>La mise en place d\u2019une organisation de gestion de crise au sein d\u2019une CPTS constitue un projet structurant, inscrit dans la dur\u00e9e, mobilisant des comp\u00e9tences sp\u00e9cifiques et une m\u00e9thodologie d\u00e9di\u00e9e.<\/p>\n\n<p>Notre accompagnement s\u2019adapte au degr\u00e9 de maturit\u00e9 de chaque CPTS et s\u2019inscrit dans une logique de transfert de comp\u00e9tences, favorisant l\u2019appropriation des outils et l\u2019autonomie \u00e0 long terme.<\/p>\n\n<h2 class=\"wp-block-heading\">L\u2019\u00e9quipe DuoCrise<\/h2>\n\n<div class=\"wp-block-columns is-layout-flex wp-container-core-columns-is-layout-28f84493 wp-block-columns-is-layout-flex\">\n<div class=\"wp-block-column is-layout-flow wp-block-column-is-layout-flow\">\n<figure class=\"wp-block-image size-full\"><img fetchpriority=\"high\" decoding=\"async\" width=\"602\" height=\"602\" class=\"wp-image-129\" src=\"https:\/\/duocrise.fr\/wp-content\/uploads\/2026\/01\/Marc.png\" alt=\"\" srcset=\"https:\/\/duocrise.fr\/wp-content\/uploads\/2026\/01\/Marc.png 602w, https:\/\/duocrise.fr\/wp-content\/uploads\/2026\/01\/Marc-300x300.png 300w, https:\/\/duocrise.fr\/wp-content\/uploads\/2026\/01\/Marc-150x150.png 150w\" sizes=\"(max-width: 602px) 100vw, 602px\" \/><\/figure>\n\n<p><strong>Marc AURIOL<\/strong><br \/>Expert en gestion de crise sanitaire et organisation SSE.<br \/>Il accompagne les CPTS dans la structuration des dispositifs,<br \/>la coordination des acteurs et la mise en \u0153uvre op\u00e9rationnelle.<\/p>\n<\/div>\n\n<div class=\"wp-block-column is-layout-flow wp-block-column-is-layout-flow\">\n<figure class=\"wp-block-image size-large is-resized\"><img decoding=\"async\" width=\"783\" height=\"1024\" class=\"wp-image-28\" style=\"aspect-ratio: 0.7646586345381526; width: 227px; height: auto;\" src=\"http:\/\/duocrise.fr\/wp-content\/uploads\/2026\/01\/Manuelle-Hallope-Pelissier-Fondatrice-GrabCare-783x1024.png\" alt=\"\" srcset=\"https:\/\/duocrise.fr\/wp-content\/uploads\/2026\/01\/Manuelle-Hallope-Pelissier-Fondatrice-GrabCare-783x1024.png 783w, https:\/\/duocrise.fr\/wp-content\/uploads\/2026\/01\/Manuelle-Hallope-Pelissier-Fondatrice-GrabCare-229x300.png 229w, https:\/\/duocrise.fr\/wp-content\/uploads\/2026\/01\/Manuelle-Hallope-Pelissier-Fondatrice-GrabCare-768x1005.png 768w, https:\/\/duocrise.fr\/wp-content\/uploads\/2026\/01\/Manuelle-Hallope-Pelissier-Fondatrice-GrabCare.png 1162w\" sizes=\"(max-width: 783px) 100vw, 783px\" \/><\/figure>\n\n<p><strong>Manuelle PELISSIER<\/strong><br \/>Sp\u00e9cialiste de l\u2019accompagnement des structures de sant\u00e9.<br \/>Elle intervient sur les missions SSE, la m\u00e9thodologie de gestion de crise<br \/>et l\u2019appropriation des outils par les \u00e9quipes.<\/p>\n<\/div>\n<\/div>\n\n<h2 class=\"wp-block-heading\">Nos accompagnements<\/h2>\n\n<ul class=\"wp-block-list\">\n<li>Mise en place de l\u2019organisation SSE<\/li>\n\n<li>Audits des dispositifs existants<\/li>\n\n<li>Exercices de gestion de crise (exercices sur table)<\/li>\n\n<li>Sensibilisation aux outils et \u00e0 la m\u00e9thodologie de gestion de crise<\/li>\n<\/ul>\n\n<h2 class=\"wp-block-heading\">Nos r\u00e9f\u00e9rences<\/h2>\n\n<p>DuoCrise accompagne d\u00e9j\u00e0 7 CPTS.<br \/>Des t\u00e9moignages et retours d\u2019exp\u00e9rience seront prochainement int\u00e9gr\u00e9s au site.<\/p>\n\n<figure class=\"wp-block-gallery has-nested-images columns-default is-cropped wp-block-gallery-14 is-layout-flex wp-block-gallery-is-layout-flex\">\n<figure class=\"wp-block-image size-large\"><img decoding=\"async\" width=\"1024\" height=\"394\" data-id=\"54\" class=\"wp-image-54\" src=\"https:\/\/duocrise.fr\/wp-content\/uploads\/2026\/01\/refonte-logo_CPTS-PNG-1024x394.jpg\" alt=\"\" srcset=\"https:\/\/duocrise.fr\/wp-content\/uploads\/2026\/01\/refonte-logo_CPTS-PNG-1024x394.jpg 1024w, https:\/\/duocrise.fr\/wp-content\/uploads\/2026\/01\/refonte-logo_CPTS-PNG-300x116.jpg 300w, https:\/\/duocrise.fr\/wp-content\/uploads\/2026\/01\/refonte-logo_CPTS-PNG-768x296.jpg 768w, https:\/\/duocrise.fr\/wp-content\/uploads\/2026\/01\/refonte-logo_CPTS-PNG-1536x591.jpg 1536w, https:\/\/duocrise.fr\/wp-content\/uploads\/2026\/01\/refonte-logo_CPTS-PNG.jpg 1779w\" sizes=\"(max-width: 1024px) 100vw, 1024px\" \/><\/figure>\n\n<figure class=\"wp-block-image size-large\"><img loading=\"lazy\" decoding=\"async\" width=\"1024\" height=\"634\" data-id=\"77\" class=\"wp-image-77\" src=\"https:\/\/duocrise.fr\/wp-content\/uploads\/2026\/01\/Logo-CPTS-Bassin-D_Auch-beige-1024x634.png\" alt=\"\" srcset=\"https:\/\/duocrise.fr\/wp-content\/uploads\/2026\/01\/Logo-CPTS-Bassin-D_Auch-beige-1024x634.png 1024w, https:\/\/duocrise.fr\/wp-content\/uploads\/2026\/01\/Logo-CPTS-Bassin-D_Auch-beige-300x186.png 300w, https:\/\/duocrise.fr\/wp-content\/uploads\/2026\/01\/Logo-CPTS-Bassin-D_Auch-beige-768x476.png 768w, https:\/\/duocrise.fr\/wp-content\/uploads\/2026\/01\/Logo-CPTS-Bassin-D_Auch-beige-1536x952.png 1536w, https:\/\/duocrise.fr\/wp-content\/uploads\/2026\/01\/Logo-CPTS-Bassin-D_Auch-beige.png 1953w\" sizes=\"(max-width: 1024px) 100vw, 1024px\" \/><\/figure>\n\n<figure class=\"wp-block-image size-large\"><img loading=\"lazy\" decoding=\"async\" width=\"411\" height=\"410\" data-id=\"134\" class=\"wp-image-134\" src=\"https:\/\/duocrise.fr\/wp-content\/uploads\/2026\/01\/Logo_canal.png\" alt=\"\" srcset=\"https:\/\/duocrise.fr\/wp-content\/uploads\/2026\/01\/Logo_canal.png 411w, https:\/\/duocrise.fr\/wp-content\/uploads\/2026\/01\/Logo_canal-300x300.png 300w, https:\/\/duocrise.fr\/wp-content\/uploads\/2026\/01\/Logo_canal-150x150.png 150w\" sizes=\"(max-width: 411px) 100vw, 411px\" \/><\/figure>\n\n<figure class=\"wp-block-image size-large\"><img loading=\"lazy\" decoding=\"async\" width=\"283\" height=\"64\" data-id=\"135\" class=\"wp-image-135\" src=\"https:\/\/duocrise.fr\/wp-content\/uploads\/2026\/01\/logo_Montpellier_GPSL.png\" alt=\"\" \/><\/figure>\n\n<figure class=\"wp-block-image size-large\"><img loading=\"lazy\" decoding=\"async\" width=\"1024\" height=\"724\" data-id=\"136\" class=\"wp-image-136\" src=\"https:\/\/duocrise.fr\/wp-content\/uploads\/2026\/01\/logo_Tenareze-1024x724.jpg\" alt=\"\" srcset=\"https:\/\/duocrise.fr\/wp-content\/uploads\/2026\/01\/logo_Tenareze-1024x724.jpg 1024w, https:\/\/duocrise.fr\/wp-content\/uploads\/2026\/01\/logo_Tenareze-300x212.jpg 300w, https:\/\/duocrise.fr\/wp-content\/uploads\/2026\/01\/logo_Tenareze-768x543.jpg 768w, https:\/\/duocrise.fr\/wp-content\/uploads\/2026\/01\/logo_Tenareze-1536x1086.jpg 1536w, https:\/\/duocrise.fr\/wp-content\/uploads\/2026\/01\/logo_Tenareze-2048x1449.jpg 2048w\" sizes=\"(max-width: 1024px) 100vw, 1024px\" \/><\/figure>\n\n<figure class=\"wp-block-image size-large\"><img loading=\"lazy\" decoding=\"async\" width=\"1024\" height=\"683\" data-id=\"137\" class=\"wp-image-137\" src=\"https:\/\/duocrise.fr\/wp-content\/uploads\/2026\/01\/Logo_Visiosante_47-1024x683.jpg\" alt=\"\" srcset=\"https:\/\/duocrise.fr\/wp-content\/uploads\/2026\/01\/Logo_Visiosante_47-1024x683.jpg 1024w, https:\/\/duocrise.fr\/wp-content\/uploads\/2026\/01\/Logo_Visiosante_47-300x200.webp 300w, https:\/\/duocrise.fr\/wp-content\/uploads\/2026\/01\/Logo_Visiosante_47-768x512.jpg 768w, https:\/\/duocrise.fr\/wp-content\/uploads\/2026\/01\/Logo_Visiosante_47.webp 1182w\" sizes=\"(max-width: 1024px) 100vw, 1024px\" \/><\/figure>\n<\/figure>\n\n<h2 class=\"wp-block-heading\">Nous contacter<\/h2>\n\n<p>Pour toute information ou pour \u00e9changer sur vos besoins en gestion de crise<br \/>et mission SSE :<\/p>\n\n<p><strong>contact@duocrise.fr<\/strong><\/p>\n\t\t\t\t\t\t\t\t<\/div>\n\t\t\t\t\t<\/div>\n\t\t\t\t<\/div>\n\t\t\t\t<\/div>\n\t\t","protected":false},"excerpt":{"rendered":"<p>Conseil et accompagnement en situation sanitaire exceptionnelle pour les CPTS Notre approche structur\u00e9e et op\u00e9rationnelle La mise en place d\u2019une organisation de gestion de crise au sein d\u2019une CPTS constitue un projet structurant, inscrit dans la dur\u00e9e, mobilisant des comp\u00e9tences sp\u00e9cifiques et une m\u00e9thodologie d\u00e9di\u00e9e. Notre accompagnement s\u2019adapte au degr\u00e9 de maturit\u00e9 de chaque CPTS [&hellip;]<\/p>\n","protected":false},"author":1,"featured_media":11,"parent":0,"menu_order":0,"comment_status":"closed","ping_status":"closed","template":"","meta":{"footnotes":""},"class_list":["post-127","page","type-page","status-publish","has-post-thumbnail","hentry"],"_links":{"self":[{"href":"https:\/\/duocrise.fr\/index.php?rest_route=\/wp\/v2\/pages\/127","targetHints":{"allow":["GET"]}}],"collection":[{"href":"https:\/\/duocrise.fr\/index.php?rest_route=\/wp\/v2\/pages"}],"about":[{"href":"https:\/\/duocrise.fr\/index.php?rest_route=\/wp\/v2\/types\/page"}],"author":[{"embeddable":true,"href":"https:\/\/duocrise.fr\/index.php?rest_route=\/wp\/v2\/users\/1"}],"replies":[{"embeddable":true,"href":"https:\/\/duocrise.fr\/index.php?rest_route=%2Fwp%2Fv2%2Fcomments&post=127"}],"version-history":[{"count":27,"href":"https:\/\/duocrise.fr\/index.php?rest_route=\/wp\/v2\/pages\/127\/revisions"}],"predecessor-version":[{"id":185,"href":"https:\/\/duocrise.fr\/index.php?rest_route=\/wp\/v2\/pages\/127\/revisions\/185"}],"wp:featuredmedia":[{"embeddable":true,"href":"https:\/\/duocrise.fr\/index.php?rest_route=\/wp\/v2\/media\/11"}],"wp:attachment":[{"href":"https:\/\/duocrise.fr\/index.php?rest_route=%2Fwp%2Fv2%2Fmedia&parent=127"}],"curies":[{"name":"wp","href":"https:\/\/api.w.org\/{rel}","templated":true}]}}